{"id":4798,"date":"2024-10-20T09:10:46","date_gmt":"2024-10-20T09:10:46","guid":{"rendered":"https:\/\/shop.kbl-koeln.de\/?product=muellsack"},"modified":"2025-05-22T10:30:45","modified_gmt":"2025-05-22T10:30:45","slug":"muellsack","status":"publish","type":"product","link":"https:\/\/shop.kbl-koeln.de\/?product=muellsack","title":{"rendered":"M\u00fcllsack"},"content":{"rendered":"","protected":false},"excerpt":{"rendered":"<p>VE= 1 Rolle \u00e1 25 S\u00e4cke<\/p>\n<p>etwa 70cm*110cm, 120l<\/p>\n<p>extra Rei\u00dffest, mit Zurrband<\/p>\n","protected":false},"featured_media":4471,"template":"","meta":[],"product_brand":[],"product_cat":[27,25,51],"product_tag":[],"class_list":{"0":"post-4798","1":"product","2":"type-product","3":"status-publish","4":"has-post-thumbnail","6":"product_cat-alle-produkte","7":"product_cat-fc-bedarf","8":"product_cat-reinigungsmittel-kueche","10":"first","11":"instock","12":"shipping-taxable","13":"purchasable","14":"product-type-simple"},"_links":{"self":[{"href":"https:\/\/shop.kbl-koeln.de\/index.php?rest_route=\/wp\/v2\/product\/4798","targetHints":{"allow":["GET"]}}],"collection":[{"href":"https:\/\/shop.kbl-koeln.de\/index.php?rest_route=\/wp\/v2\/product"}],"about":[{"href":"https:\/\/shop.kbl-koeln.de\/index.php?rest_route=\/wp\/v2\/types\/product"}],"wp:featuredmedia":[{"embeddable":true,"href":"https:\/\/shop.kbl-koeln.de\/index.php?rest_route=\/wp\/v2\/media\/4471"}],"wp:attachment":[{"href":"https:\/\/shop.kbl-koeln.de\/index.php?rest_route=%2Fwp%2Fv2%2Fmedia&parent=4798"}],"wp:term":[{"taxonomy":"product_brand","embeddable":true,"href":"https:\/\/shop.kbl-koeln.de\/index.php?rest_route=%2Fwp%2Fv2%2Fproduct_brand&post=4798"},{"taxonomy":"product_cat","embeddable":true,"href":"https:\/\/shop.kbl-koeln.de\/index.php?rest_route=%2Fwp%2Fv2%2Fproduct_cat&post=4798"},{"taxonomy":"product_tag","embeddable":true,"href":"https:\/\/shop.kbl-koeln.de\/index.php?rest_route=%2Fwp%2Fv2%2Fproduct_tag&post=4798"}],"curies":[{"name":"wp","href":"https:\/\/api.w.org\/{rel}","templated":true}]}}